{"id":3,"date":"2020-02-04T15:49:16","date_gmt":"2020-02-04T14:49:16","guid":{"rendered":"https:\/\/fisiozone.ch\/go\/?page_id=3"},"modified":"2020-03-03T11:52:43","modified_gmt":"2020-03-03T11:52:43","slug":"datenschutzerklaerung","status":"publish","type":"page","link":"https:\/\/fisiozone.ch\/go\/index.php\/datenschutzerklaerung\/","title":{"rendered":"Datenschutzerkl\u00e4rung"},"content":{"rendered":"\r\n<p><strong>Haftungsausschluss<\/strong><br \/>Der Autor \u00fcbernimmt keinerlei Gew\u00e4hr hinsichtlich der inhaltlichen Richtigkeit, Genauigkeit, Aktualit\u00e4t, Zuverl\u00e4ssigkeit und Vollst\u00e4ndigkeit der Informationen.<\/p>\r\n<p>Haftungsanspr\u00fcche gegen den Autor wegen Sch\u00e4den materieller oder immaterieller Art, welche aus dem Zugriff oder der Nutzung bzw. Nichtnutzung der ver\u00f6ffentlichten Informationen, durch Missbrauch der Verbindung oder durch technische St\u00f6rungen entstanden sind, werden ausgeschlossen.<br \/>Alle Angebote sind unverbindlich. Der Autor beh\u00e4lt es sich ausdr\u00fccklich vor, Teile der Seiten oder das gesamte Angebot ohne besondere Ank\u00fcndigung zu ver\u00e4ndern, zu erg\u00e4nzen, zu l\u00f6schen oder die Ver\u00f6ffentlichung zeitweise oder endg\u00fcltig einzustellen.<br \/>\u00a0<br \/><strong>Haftungsausschluss f\u00fcr Links<\/strong><br \/>Verweise und Links auf Webseiten Dritter liegen ausserhalb unseres Verantwortungsbereichs. Es wird jegliche Verantwortung f\u00fcr solche Webseiten abgelehnt. Der Zugriff und die Nutzung solcher Webseiten erfolgen auf eigene Gefahr des jeweiligen Nutzers.<br \/>\u00a0<br \/><strong>Urheberrechte<\/strong><br \/>Die Urheber- und alle anderen Rechte an Inhalten, Bildern, Fotos oder anderen Dateien auf dieser Website, geh\u00f6ren Corsin Federspiel oder den Bildurhebern\/Rechteinhabern. F\u00fcr die Reproduktion jeglicher Elemente ist die schriftliche Zustimmung des Urheberrechtstr\u00e4gers im Voraus einzuholen.<\/p>\r\n<p><strong>Personenbezogene Daten<\/strong><br \/>fisiozone.ch sammelt keine personenbezogene Daten ausser im <br \/>Korrespondenzfall.<\/p>\r\n<hr class=\"wp-block-separator\" \/>\r\n<p><strong>Cookies<\/strong><br \/>fisiozone.ch setzt Cookies ein, um Ihnen einen angenehmen Besuch auf unseren Webseiten zu erm\u00f6glichen. Die von uns eingesetzten Cookies unterst\u00fctzen uns dabei, die Webseite optimal zu gestalten, Ihnen die Navigation zu erleichtern und ganz allgemein ein hohes Mass an Benutzerfreundlichkeit zu erreichen. Cookies sind Textdateien, die beim Besuch einer Internetseite auf der Festplatte des Benutzers gespeichert werden. Sie erlauben es, Informationen \u00fcber einen bestimmten Zeitraum vorzuhalten und den Rechner des Benutzers zu identifizieren. Bei Akzeptanz unserer Cookies verbleiben diese Informationen auf Ihrem Computer bestehen, sofern Sie diese nicht l\u00f6schen. Die Erhebung und Speicherung Ihrer Daten \u00fcber diesen Dienst k\u00f6nnen Sie jederzeit in Ihrem Browser deaktivieren. Wenn Sie Ihren Besuch (scrollen, weiter betrachten, klicken etc. ) fortsetzen, stimmen Sie der Verwendung solcher Cookies zu. Wir verwenden kein Google Analytics, bieten dies aber unseren Kunden an falls dies gew\u00fcnscht ist.<\/p>\r\n","protected":false},"excerpt":{"rendered":"<p>HaftungsausschlussDer Autor \u00fcbernimmt keinerlei Gew\u00e4hr hinsichtlich der inhaltlichen Richtigkeit, Genauigkeit, Aktualit\u00e4t, Zuverl\u00e4ssigkeit und Vollst\u00e4ndigkeit der Informationen. Haftungsanspr\u00fcche gegen den Autor wegen Sch\u00e4den materieller oder immaterieller Art, welche aus dem Zugriff oder der Nutzung bzw. Nichtnutzung der ver\u00f6ffentlichten Informationen, durch Missbrauch der Verbindung oder durch technische<span class=\"excerpt-hellip\"> [\u2026]<\/span><\/p>\n","protected":false},"author":1,"featured_media":0,"parent":0,"menu_order":0,"comment_status":"closed","ping_status":"open","template":"","meta":{"footnotes":""},"class_list":["post-3","page","type-page","status-publish","hentry"],"_links":{"self":[{"href":"https:\/\/fisiozone.ch\/go\/index.php\/wp-json\/wp\/v2\/pages\/3","targetHints":{"allow":["GET"]}}],"collection":[{"href":"https:\/\/fisiozone.ch\/go\/index.php\/wp-json\/wp\/v2\/pages"}],"about":[{"href":"https:\/\/fisiozone.ch\/go\/index.php\/wp-json\/wp\/v2\/types\/page"}],"author":[{"embeddable":true,"href":"https:\/\/fisiozone.ch\/go\/index.php\/wp-json\/wp\/v2\/users\/1"}],"replies":[{"embeddable":true,"href":"https:\/\/fisiozone.ch\/go\/index.php\/wp-json\/wp\/v2\/comments?post=3"}],"version-history":[{"count":8,"href":"https:\/\/fisiozone.ch\/go\/index.php\/wp-json\/wp\/v2\/pages\/3\/revisions"}],"predecessor-version":[{"id":770,"href":"https:\/\/fisiozone.ch\/go\/index.php\/wp-json\/wp\/v2\/pages\/3\/revisions\/770"}],"wp:attachment":[{"href":"https:\/\/fisiozone.ch\/go\/index.php\/wp-json\/wp\/v2\/media?parent=3"}],"curies":[{"name":"wp","href":"https:\/\/api.w.org\/{rel}","templated":true}]}}